{"id":286,"date":"2016-10-31T13:17:59","date_gmt":"2016-10-31T16:17:59","guid":{"rendered":"https:\/\/iesalc-tuc.infd.edu.ar\/sitio\/?page_id=286"},"modified":"2025-02-14T10:46:09","modified_gmt":"2025-02-14T13:46:09","slug":"inicio","status":"publish","type":"page","link":"https:\/\/iesalc-tuc.infd.edu.ar\/sitio\/","title":{"rendered":"Inicio"},"content":{"rendered":"<div id=\"metaslider-id-831\" style=\"width: 100%;\" class=\"ml-slider-3-33-0 metaslider metaslider-flex metaslider-831 ml-slider ms-theme-default\" role=\"region\" aria-roledescription=\"Slideshow\" aria-label=\"Slideshow\">\n    <div id=\"metaslider_container_831\">\n        <div id=\"metaslider_831\" class=\"flexslider\">\n            <ul aria-live=\"polite\" class=\"slides\">\n                <li style=\"display: block; width: 100%;\" class=\"slide-836 ms-image\" aria-roledescription=\"slide\" aria-label=\"slide-836\"><img src=\"https:\/\/iesalc-tuc.infd.edu.ar\/sitio\/wp-content\/uploads\/2021\/05\/1656086_10152302771059628_457198520_n-960x185.jpg\" height=\"213\" width=\"1100\" alt=\"\" class=\"slider-831 slide-836\" title=\"1656086_10152302771059628_457198520_n\" \/><\/li>\n                <li style=\"display: none; width: 100%;\" class=\"slide-837 ms-image\" aria-roledescription=\"slide\" aria-label=\"slide-837\"><img src=\"https:\/\/iesalc-tuc.infd.edu.ar\/sitio\/wp-content\/uploads\/2021\/05\/1901298_10152302772469628_112392355_n-960x185.jpg\" height=\"213\" width=\"1100\" alt=\"\" class=\"slider-831 slide-837\" title=\"1901298_10152302772469628_112392355_n\" \/><\/li>\n                <li style=\"display: none; width: 100%;\" class=\"slide-839 ms-image\" aria-roledescription=\"slide\" aria-label=\"slide-839\"><img src=\"https:\/\/iesalc-tuc.infd.edu.ar\/sitio\/wp-content\/uploads\/2021\/05\/LA-COCHA-1100x213.jpg\" height=\"213\" width=\"1100\" alt=\"\" class=\"slider-831 slide-839\" title=\"KODAK Digital Still Camera\" \/><\/li>\n            <\/ul>\n        <\/div>\n        \n    <\/div>\n<\/div>\n<table id=\"table1\" style=\"text-align: center; width: 995px; height: 150px;\" border=\"1\" cellspacing=\"0\" cellpadding=\"10\">\n<tbody>\n<tr>\n<td style=\"border: 1px solid;\">\n<ul>\n<li style=\"text-align: left;\">Este Instituto Superior de Formaci\u00f3n Docente forma parte del sistema de educaci\u00f3n p\u00fablica de gesti\u00f3n estatal.A trav\u00e9s de este sitio en Internet, nuestro Instituto podr\u00e1 comunicar novedades, acercar informaci\u00f3n, compartir experiencias y brindar apoyo y asesoramiento a\u00a0alumnos, docentes e interesados en formar parte de esta comunidad educativa.Junto con varios cientos de Institutos, integramos la\u00a0<strong><em>Red\u00a0Virtual de Institutos Superiores de Formaci\u00f3n Docente<\/em><\/strong>\u00a0coordinada por el\u00a0<strong>INFD<\/strong>\u00a0(Instituto Nacional de Formaci\u00f3n Docente) dependiente del Ministerio de Educaci\u00f3n de la Naci\u00f3n Argentina.<\/li>\n<\/ul>\n<div>\n<div style=\"width: 426px; text-align: left;\">\u00a0<\/div>\n<\/div>\n<\/td>\n<\/tr>\n<\/tbody>\n<\/table>\n","protected":false},"excerpt":{"rendered":"<p>Este Instituto Superior de Formaci\u00f3n Docente forma parte del sistema de educaci\u00f3n p\u00fablica de gesti\u00f3n estatal.A trav\u00e9s de este sitio en Internet, nuestro Instituto podr\u00e1 comunicar novedades, acercar informaci\u00f3n, compartir experiencias y brindar apoyo y asesoramiento a\u00a0alumnos, docentes e interesados en formar parte de esta comunidad educativa.Junto con varios cientos de Institutos, integramos la\u00a0Red\u00a0Virtual de &#8230; <a title=\"Inicio\" class=\"read-more\" href=\"https:\/\/iesalc-tuc.infd.edu.ar\/sitio\/\" aria-label=\"More on Inicio\">[+]<\/a><\/p>\n","protected":false},"author":1,"featured_media":0,"parent":0,"menu_order":0,"comment_status":"closed","ping_status":"closed","template":"","meta":[],"acf":[],"_links":{"self":[{"href":"https:\/\/iesalc-tuc.infd.edu.ar\/sitio\/wp-json\/wp\/v2\/pages\/286"}],"collection":[{"href":"https:\/\/iesalc-tuc.infd.edu.ar\/sitio\/wp-json\/wp\/v2\/pages"}],"about":[{"href":"https:\/\/iesalc-tuc.infd.edu.ar\/sitio\/wp-json\/wp\/v2\/types\/page"}],"author":[{"embeddable":true,"href":"https:\/\/iesalc-tuc.infd.edu.ar\/sitio\/wp-json\/wp\/v2\/users\/1"}],"replies":[{"embeddable":true,"href":"https:\/\/iesalc-tuc.infd.edu.ar\/sitio\/wp-json\/wp\/v2\/comments?post=286"}],"version-history":[{"count":97,"href":"https:\/\/iesalc-tuc.infd.edu.ar\/sitio\/wp-json\/wp\/v2\/pages\/286\/revisions"}],"predecessor-version":[{"id":1037,"href":"https:\/\/iesalc-tuc.infd.edu.ar\/sitio\/wp-json\/wp\/v2\/pages\/286\/revisions\/1037"}],"wp:attachment":[{"href":"https:\/\/iesalc-tuc.infd.edu.ar\/sitio\/wp-json\/wp\/v2\/media?parent=286"}],"curies":[{"name":"wp","href":"https:\/\/api.w.org\/{rel}","templated":true}]}}