{"id":739,"date":"2018-08-31T17:19:11","date_gmt":"2018-08-31T20:19:11","guid":{"rendered":"https:\/\/iesalc-tuc.infd.edu.ar\/sitio\/nuestra-comunidad\/"},"modified":"2021-05-23T21:22:04","modified_gmt":"2021-05-24T00:22:04","slug":"nuestra-comunidad","status":"publish","type":"page","link":"https:\/\/iesalc-tuc.infd.edu.ar\/sitio\/nuestra-comunidad\/","title":{"rendered":"Nuestra Comunidad"},"content":{"rendered":"<p><b>La Cocha<\/b><\/p>\n<p>Es un departamento ubicado en el sur de la\u00a0<a title=\"Provincia de Tucum\u00e1n\" href=\"https:\/\/es.wikipedia.org\/wiki\/Provincia_de_Tucum%C3%A1n\">provincia de Tucum\u00e1n<\/a>\u00a0en\u00a0<a title=\"Argentina\" href=\"https:\/\/es.wikipedia.org\/wiki\/Argentina\">Argentina<\/a>. El mismo se encuentra rodeado por los departamentos\u00a0<a title=\"Departamento Juan Bautista Alberdi\" href=\"https:\/\/es.wikipedia.org\/wiki\/Departamento_Juan_Bautista_Alberdi\">Juan B. Alberdi<\/a>\u00a0al oeste y norte,\u00a0<a title=\"Departamento Graneros\" href=\"https:\/\/es.wikipedia.org\/wiki\/Departamento_Graneros\">Graneros<\/a>\u00a0al este y por la\u00a0<a title=\"\" href=\"https:\/\/es.wikipedia.org\/wiki\/Provincia_de_Catamarca\">provincia de Catamarca<\/a>\u00a0al sur y oeste.<\/p>\n<p>La agricultura constituye la base de la econom\u00eda departamental, destac\u00e1ndose en particular el cultivo de tabaco y soja.<\/p>\n<p>Poblaci\u00f3n<\/p>\n<p><span id=\"Poblaci.C3.B3n\">Seg\u00fan estimaciones del\u00a0<a class=\"mw-redirect\" title=\"INDEC\" href=\"https:\/\/es.wikipedia.org\/wiki\/INDEC\">INDEC<\/a>\u00a0en\u00a0<a title=\"2005\" href=\"https:\/\/es.wikipedia.org\/wiki\/2005\">2005<\/a>\u00a0ten\u00eda 21435 habitantes<\/span><\/p>\n<p>&nbsp;<\/p>\n","protected":false},"excerpt":{"rendered":"<p>La Cocha Es un departamento ubicado en el sur de la\u00a0provincia de Tucum\u00e1n\u00a0en\u00a0Argentina. El mismo se encuentra rodeado por los departamentos\u00a0Juan B. Alberdi\u00a0al oeste y norte,\u00a0Graneros\u00a0al este y por la\u00a0provincia de Catamarca\u00a0al sur y oeste. La agricultura constituye la base de la econom\u00eda departamental, destac\u00e1ndose en particular el cultivo de tabaco y soja. Poblaci\u00f3n Seg\u00fan &#8230; <a title=\"Nuestra Comunidad\" class=\"read-more\" href=\"https:\/\/iesalc-tuc.infd.edu.ar\/sitio\/nuestra-comunidad\/\" aria-label=\"More on Nuestra Comunidad\">[+]<\/a><\/p>\n","protected":false},"author":150,"featured_media":0,"parent":0,"menu_order":0,"comment_status":"closed","ping_status":"closed","template":"","meta":[],"acf":[],"_links":{"self":[{"href":"https:\/\/iesalc-tuc.infd.edu.ar\/sitio\/wp-json\/wp\/v2\/pages\/739"}],"collection":[{"href":"https:\/\/iesalc-tuc.infd.edu.ar\/sitio\/wp-json\/wp\/v2\/pages"}],"about":[{"href":"https:\/\/iesalc-tuc.infd.edu.ar\/sitio\/wp-json\/wp\/v2\/types\/page"}],"author":[{"embeddable":true,"href":"https:\/\/iesalc-tuc.infd.edu.ar\/sitio\/wp-json\/wp\/v2\/users\/150"}],"replies":[{"embeddable":true,"href":"https:\/\/iesalc-tuc.infd.edu.ar\/sitio\/wp-json\/wp\/v2\/comments?post=739"}],"version-history":[{"count":2,"href":"https:\/\/iesalc-tuc.infd.edu.ar\/sitio\/wp-json\/wp\/v2\/pages\/739\/revisions"}],"predecessor-version":[{"id":940,"href":"https:\/\/iesalc-tuc.infd.edu.ar\/sitio\/wp-json\/wp\/v2\/pages\/739\/revisions\/940"}],"wp:attachment":[{"href":"https:\/\/iesalc-tuc.infd.edu.ar\/sitio\/wp-json\/wp\/v2\/media?parent=739"}],"curies":[{"name":"wp","href":"https:\/\/api.w.org\/{rel}","templated":true}]}}