{"id":751,"date":"2018-08-31T17:19:13","date_gmt":"2018-08-31T20:19:13","guid":{"rendered":"https:\/\/iesalc-tuc.infd.edu.ar\/sitio\/datos-institucionales\/"},"modified":"2021-05-23T21:17:04","modified_gmt":"2021-05-24T00:17:04","slug":"datos-institucionales","status":"publish","type":"page","link":"https:\/\/iesalc-tuc.infd.edu.ar\/sitio\/datos-institucionales\/","title":{"rendered":"Datos institucionales"},"content":{"rendered":"<blockquote>\n<ul>\n<li><span style=\"font-size: 18pt; color: #ff0000;\">Datos Institucionales:<\/span><\/li>\n<\/ul>\n<p><img decoding=\"async\" loading=\"lazy\" class=\"alignright\" src=\"https:\/\/media.giphy.com\/media\/ekluSpNl5TBxD6aqnd\/giphy.gif\" alt=\"\" width=\"225\" height=\"225\" \/><\/p>\n<ul>\n<li><span style=\"font-size: 12pt;\">I.E.S. La Cocha\u00a0 \u00a0(Instituto de Ense\u00f1anza Superior LA COCHA)<\/span><\/li>\n<li><span style=\"font-size: 12pt;\">Direcci\u00f3n: Sarmiento 150 &#8211; La cocha &#8211; Tucum\u00e1n<\/span><\/li>\n<li><span style=\"font-size: 12pt;\">CUE N\u00b0 9000970-00<\/span><\/li>\n<li>Codigo Postal: 4162<\/li>\n<li><span style=\"font-size: 12pt;\">Extensi\u00f3n Aulica:\u00a0 \u00a0 \u00a0 \u00a0&#8212;- Sede Escuela de Comercio J.B. Alberdi\u00a0<\/span>\u00a0&#8212;<\/li>\n<li><\/li>\n<li><span style=\"font-size: 12pt;\">Tipo de Instituci\u00f3n:\u00a0 \u00a0 \u00a0 Superior &#8211; Formaci\u00f3n Docente y formaci\u00f3n Profesional<\/span><\/li>\n<li><span style=\"font-size: 12pt;\">Ambito de Gesti\u00f3n:\u00a0 \u00a0Estatal.<\/span><\/li>\n<li><span style=\"font-size: 12pt;\">Tipo de Dependencia:\u00a0 Jurisdicci\u00f3n Educativa Provincial-\u00a0 \u00a0Provincia de Tucum\u00e1n\u00a0<\/span><\/li>\n<li><span style=\"font-size: 12pt;\">E-mail:\u00a0 \u00a0 &#8230;&#8230;&#8230;&#8230;&#8230;&#8230;&#8230;&#8230;..<\/span><\/li>\n<li><span style=\"font-size: 12pt;\">Horarios de atenci\u00f3n: Lunes a Viernes 18:30hr. a 23:00hr.<\/span><\/li>\n<\/ul>\n<div style=\"text-align: center;\"><\/div>\n<\/blockquote>\n","protected":false},"excerpt":{"rendered":"<p>Datos Institucionales: I.E.S. La Cocha\u00a0 \u00a0(Instituto de Ense\u00f1anza Superior LA COCHA) Direcci\u00f3n: Sarmiento 150 &#8211; La cocha &#8211; Tucum\u00e1n CUE N\u00b0 9000970-00 Codigo Postal: 4162 Extensi\u00f3n Aulica:\u00a0 \u00a0 \u00a0 \u00a0&#8212;- Sede Escuela de Comercio J.B. Alberdi\u00a0\u00a0&#8212; Tipo de Instituci\u00f3n:\u00a0 \u00a0 \u00a0 Superior &#8211; Formaci\u00f3n Docente y formaci\u00f3n Profesional Ambito de Gesti\u00f3n:\u00a0 \u00a0Estatal. Tipo de Dependencia:\u00a0 &#8230; <a title=\"Datos institucionales\" class=\"read-more\" href=\"https:\/\/iesalc-tuc.infd.edu.ar\/sitio\/datos-institucionales\/\" aria-label=\"More on Datos institucionales\">[+]<\/a><\/p>\n","protected":false},"author":150,"featured_media":0,"parent":0,"menu_order":0,"comment_status":"closed","ping_status":"closed","template":"","meta":[],"acf":[],"_links":{"self":[{"href":"https:\/\/iesalc-tuc.infd.edu.ar\/sitio\/wp-json\/wp\/v2\/pages\/751"}],"collection":[{"href":"https:\/\/iesalc-tuc.infd.edu.ar\/sitio\/wp-json\/wp\/v2\/pages"}],"about":[{"href":"https:\/\/iesalc-tuc.infd.edu.ar\/sitio\/wp-json\/wp\/v2\/types\/page"}],"author":[{"embeddable":true,"href":"https:\/\/iesalc-tuc.infd.edu.ar\/sitio\/wp-json\/wp\/v2\/users\/150"}],"replies":[{"embeddable":true,"href":"https:\/\/iesalc-tuc.infd.edu.ar\/sitio\/wp-json\/wp\/v2\/comments?post=751"}],"version-history":[{"count":5,"href":"https:\/\/iesalc-tuc.infd.edu.ar\/sitio\/wp-json\/wp\/v2\/pages\/751\/revisions"}],"predecessor-version":[{"id":938,"href":"https:\/\/iesalc-tuc.infd.edu.ar\/sitio\/wp-json\/wp\/v2\/pages\/751\/revisions\/938"}],"wp:attachment":[{"href":"https:\/\/iesalc-tuc.infd.edu.ar\/sitio\/wp-json\/wp\/v2\/media?parent=751"}],"curies":[{"name":"wp","href":"https:\/\/api.w.org\/{rel}","templated":true}]}}