{"id":755,"date":"2018-08-31T17:19:15","date_gmt":"2018-08-31T20:19:15","guid":{"rendered":"https:\/\/iesalc-tuc.infd.edu.ar\/sitio\/plan-de-estudios\/"},"modified":"2025-02-14T10:04:46","modified_gmt":"2025-02-14T13:04:46","slug":"plan-de-estudios","status":"publish","type":"page","link":"https:\/\/iesalc-tuc.infd.edu.ar\/sitio\/plan-de-estudios\/","title":{"rendered":"Plan de estudios Historia"},"content":{"rendered":"\n<p class=\"has-text-align-center\"><mark style=\"background-color:rgba(0, 0, 0, 0)\" class=\"has-inline-color has-vivid-red-color\">PROFESORADO PARA LA EDUCACI\u00d3N SECUNDARIA EN HISTORIA <\/mark><\/p>\n\n\n\n<div class=\"wp-block-columns is-layout-flex wp-container-2\">\n<div class=\"wp-block-column is-layout-flow\" style=\"flex-basis:100%\">\n<figure class=\"wp-block-table alignleft is-style-regular\"><table><tbody><tr><td><kbd><span class=\"has-inline-color has-vivid-purple-color\">CURSO<\/span><\/kbd><\/td><td><kbd><span class=\"has-inline-color has-vivid-purple-color\">ESPACIO CURRICULAR <\/span><\/kbd><\/td><td> <kbd><span class=\"has-inline-color has-vivid-purple-color\">MODALIDAD<\/span> <\/kbd><\/td><\/tr><tr><td><strong>Primer A\u00f1o <\/strong><\/td><td>PEDAGOG\u00cdA<\/td><td>ANUAL<\/td><\/tr><tr><td><strong>Primer A\u00f1o<\/strong><\/td><td>DID\u00c1CTICA GENERAL <\/td><td>ANUAL <\/td><\/tr><tr><td><strong>Primer A\u00f1o<\/strong><\/td><td>PSICOLOG\u00cdA EDUCACIONAL <\/td><td>ANUAL<\/td><\/tr><tr><td><strong>Primer A\u00f1o<\/strong><\/td><td>LECTURA ESCRITURA Y ORALIDAD <\/td><td>ANUAL <\/td><\/tr><tr><td><strong>Primer A\u00f1o<\/strong><\/td><td>HISTORIA MUNDIAL I<\/td><td>ANUAL <\/td><\/tr><tr><td><strong>Primer A\u00f1o<\/strong><\/td><td>PROBLEMA DE HISTORIA Y FILOSOF\u00cdA <\/td><td>ANUAL <\/td><\/tr><tr><td><strong>Primer A\u00f1o<\/strong><\/td><td>PR\u00c1CTICA PROFESIONAL <\/td><td>ANUAL<\/td><\/tr><tr><td><strong>Primer A\u00f1o<\/strong><\/td><td>PREHISTORIA Y ARQUEOLOG\u00cdA <\/td><td>ANUAL<\/td><\/tr><tr><td><\/td><td><\/td><td><\/td><\/tr><tr><td><strong>SEGUNDO A\u00d1O<\/strong><\/td><td>HISTORIA Y POL\u00cdTICA DE LA EDUC. ARGENTINA <\/td><td>ANUAL <\/td><\/tr><tr><td><strong>SEGUNDO A\u00d1O<\/strong><\/td><td>SOCIOLOG\u00cdA DE LA EDUCACI\u00d3N <\/td><td>ANUAL<\/td><\/tr><tr><td><strong>SEGUNDO A\u00d1O<\/strong><\/td><td>TECNOLOG\u00cdAS DE LA INFORMACI\u00d3N Y LA COMUNICACI\u00d3N <\/td><td>ANUAL<\/td><\/tr><tr><td><strong>SEGUNDO A\u00d1O<\/strong><\/td><td>SUJETOS DE LA EDUCACI\u00d3N SECUNDARIA <\/td><td>ANUAL<\/td><\/tr><tr><td><strong>SEGUNDO A\u00d1O<\/strong><\/td><td>ESPACIO GEOGR\u00c1FICO<\/td><td>ANUAL<\/td><\/tr><tr><td><strong>SEGUNDO A\u00d1O<\/strong><\/td><td>HISTORIA MUNDIAL II (MEDIEVAL)<\/td><td>ANUAL<\/td><\/tr><tr><td><strong>SEGUNDO A\u00d1O<\/strong><\/td><td>HISTORIA MUNDIAL III   (MODERNA)<\/td><td>ANUAL<\/td><\/tr><tr><td><strong>SEGUNDO A\u00d1O<\/strong><\/td><td>HISTORIA DE AM\u00c9RICA II (SIGLO XIX)<\/td><td>ANUAL<\/td><\/tr><tr><td><strong>SEGUNDO A\u00d1O<\/strong><\/td><td>HISTORIA DE ARGENTINA (1770-1880)<\/td><td><\/td><\/tr><tr><td><strong>SEGUNDO A\u00d1O<\/strong><\/td><td>HISTORIA DE ARGENTINA II (1880-1930)<\/td><td><\/td><\/tr><tr><td><strong>SEGUNDO A\u00d1O<\/strong><\/td><td>DIDACTICA DE LA HISTORIA I<\/td><td>ANUAL<\/td><\/tr><tr><td><strong>SEGUNDO A\u00d1O<\/strong><\/td><td>PRACTICA PROFESIONAL II<\/td><td>ANUAL<\/td><\/tr><tr><td><\/td><td><\/td><td><\/td><\/tr><tr><td><strong>TERCER A\u00d1O<\/strong> <\/td><td>FILOSOFIA DE LA EDUCACION <\/td><td><\/td><\/tr><tr><td><strong>TERCER A\u00d1O<\/strong><\/td><td>FORMACION ETICA Y CIUDADANA <\/td><td><\/td><\/tr><tr><td><strong>TERCER A\u00d1O<\/strong><\/td><td>HISTORIA MUNDIAL V (CONTEMPORANEA)<\/td><td><\/td><\/tr><tr><td><strong>TERCER A\u00d1O<\/strong><\/td><td>HISTORIA DE AMERICA III<\/td><td><\/td><\/tr><tr><td><strong>TERCER A\u00d1O<\/strong><\/td><td>HISTORIA ARGENTINA III (1930-2001)<\/td><td><\/td><\/tr><tr><td><strong>TERCER A\u00d1O<\/strong><\/td><td>HISTORIA DE LA HISTORIOGRAFIA <\/td><td><\/td><\/tr><tr><td><strong>TERCER A\u00d1O<\/strong><\/td><td>DIDACTICA DE LA HISTORIA II<\/td><td><\/td><\/tr><tr><td><strong>TERCER A\u00d1O<\/strong><\/td><td>ANTROPOLOGIA <\/td><td><\/td><\/tr><tr><td><strong>TERCER A\u00d1O <\/strong><\/td><td>PRACTICA PROFESIONAL III CICLO BASICO NIV SEC <\/td><td><\/td><\/tr><tr><td><\/td><td><\/td><td><\/td><\/tr><tr><td><strong>CUARTO A\u00d1O<\/strong> <\/td><td>EDUCACION SEXUAL INTEGRAL<\/td><td><\/td><\/tr><tr><td><strong>CUARTO A\u00d1O<\/strong> <\/td><td>EDI:<\/td><td><\/td><\/tr><tr><td><strong>CUARTO A\u00d1O <\/strong><\/td><td>EDI: <\/td><td><\/td><\/tr><tr><td><strong>CUARTO A\u00d1O<\/strong> <\/td><td>HISTORIA MUNDIAL V (SIGLO XIX AL PRESENTE)<\/td><td><\/td><\/tr><tr><td><strong>CUARTO A\u00d1O <\/strong><\/td><td>HISTORIA DE TUCUMAN<\/td><td><\/td><\/tr><tr><td><strong>CUARTO A\u00d1O<\/strong> <\/td><td>TEORIA Y METODOLOGIA DE LA HISTORIA<\/td><td><\/td><\/tr><tr><td><strong>CUARTO A\u00d1O<\/strong><\/td><td>DIDACTICA DE LA HISTORIA III<\/td><td><\/td><\/tr><tr><td><strong>CUARTO A\u00d1O<\/strong><\/td><td>HISTORIA DEL ARTE <\/td><td><\/td><\/tr><tr><td><strong>CUARTO A\u00d1O<\/strong><\/td><td>FUNDAMENTOS DE ECONOMIA Y POLITICA <\/td><td><\/td><\/tr><tr><td><strong>CUARTO A\u00d1O<\/strong><\/td><td>PRACTICA PROFESIONAL IV (CICLO SUPERIOR)<\/td><td><\/td><\/tr><\/tbody><\/table><\/figure>\n\n\n\n<p><\/p>\n<\/div>\n<\/div>\n\n\n\n<p><\/p>\n","protected":false},"excerpt":{"rendered":"<p>PROFESORADO PARA LA EDUCACI\u00d3N SECUNDARIA EN HISTORIA CURSO ESPACIO CURRICULAR MODALIDAD Primer A\u00f1o PEDAGOG\u00cdA ANUAL Primer A\u00f1o DID\u00c1CTICA GENERAL ANUAL Primer A\u00f1o PSICOLOG\u00cdA EDUCACIONAL ANUAL Primer A\u00f1o LECTURA ESCRITURA Y ORALIDAD ANUAL Primer A\u00f1o HISTORIA MUNDIAL I ANUAL Primer A\u00f1o PROBLEMA DE HISTORIA Y FILOSOF\u00cdA ANUAL Primer A\u00f1o PR\u00c1CTICA PROFESIONAL ANUAL Primer A\u00f1o PREHISTORIA Y &#8230; <a title=\"Plan de estudios Historia\" class=\"read-more\" href=\"https:\/\/iesalc-tuc.infd.edu.ar\/sitio\/plan-de-estudios\/\" aria-label=\"More on Plan de estudios Historia\">[+]<\/a><\/p>\n","protected":false},"author":150,"featured_media":0,"parent":0,"menu_order":0,"comment_status":"closed","ping_status":"closed","template":"","meta":[],"acf":[],"_links":{"self":[{"href":"https:\/\/iesalc-tuc.infd.edu.ar\/sitio\/wp-json\/wp\/v2\/pages\/755"}],"collection":[{"href":"https:\/\/iesalc-tuc.infd.edu.ar\/sitio\/wp-json\/wp\/v2\/pages"}],"about":[{"href":"https:\/\/iesalc-tuc.infd.edu.ar\/sitio\/wp-json\/wp\/v2\/types\/page"}],"author":[{"embeddable":true,"href":"https:\/\/iesalc-tuc.infd.edu.ar\/sitio\/wp-json\/wp\/v2\/users\/150"}],"replies":[{"embeddable":true,"href":"https:\/\/iesalc-tuc.infd.edu.ar\/sitio\/wp-json\/wp\/v2\/comments?post=755"}],"version-history":[{"count":7,"href":"https:\/\/iesalc-tuc.infd.edu.ar\/sitio\/wp-json\/wp\/v2\/pages\/755\/revisions"}],"predecessor-version":[{"id":1014,"href":"https:\/\/iesalc-tuc.infd.edu.ar\/sitio\/wp-json\/wp\/v2\/pages\/755\/revisions\/1014"}],"wp:attachment":[{"href":"https:\/\/iesalc-tuc.infd.edu.ar\/sitio\/wp-json\/wp\/v2\/media?parent=755"}],"curies":[{"name":"wp","href":"https:\/\/api.w.org\/{rel}","templated":true}]}}