{"id":821,"date":"2021-05-21T10:37:57","date_gmt":"2021-05-21T13:37:57","guid":{"rendered":"https:\/\/iesalc-tuc.infd.edu.ar\/sitio\/?page_id=821"},"modified":"2021-05-23T01:06:34","modified_gmt":"2021-05-23T04:06:34","slug":"fm-ies-89-1","status":"publish","type":"page","link":"https:\/\/iesalc-tuc.infd.edu.ar\/sitio\/fm-ies-89-1\/","title":{"rendered":"FM IES 89.1"},"content":{"rendered":"<p>El\u00a0<strong>Proyecto Federal de Radios Socioeducativas de los Institutos de Educaci\u00f3n Superior<\/strong>\u00a0tuvo como prop\u00f3sito inicial el emplazamiento de 50 Radios Socioeducativas en todo el pa\u00eds, de las cuales 4 \u00a0fueron planificadas en Tucum\u00e1n, en las localidades de:\u00a0<strong>La Cocha,\u00a0<\/strong><strong>Colalao del Valle, Burruyacu y Villa Quinteros.<\/strong>\u00a0Este proyecto tiene como uno de sus objetivos principales generar una verdadera red de medios de comunicaci\u00f3n que permita dar visibilidad a los Institutos Superiores, sus ofertas y sus proyectos, as\u00ed como su vinculaci\u00f3n\u00a0comunitaria de forma cotidiana y permanente, a trav\u00e9s de sus estudiantes, docentes y miembros de la comunidad educativa.<\/p>\n<p>Las\u00a0Radios posibilitan poner en di\u00e1logo permanente a la instituci\u00f3n educativa con su comunidad atendiendo su propio territorio.<\/p>\n<p>Las Frecuencias asignadas oficialmente a las radios socioeducativas de nuestra provincia son:<\/p>\n<ul>\n<li>\n<h3><strong>Radio IES La Cocha 89.1 MHz.\u00a0<\/strong><\/h3>\n<\/li>\n<li>\n<h3><strong>Radio IES Colalao del Valle 88.3 MHz.\u00a0 \u00a0<\/strong><\/h3>\n<\/li>\n<\/ul>\n<ul>\n<li>\n<h3><strong>Radio IES Burruyac\u00fa 88.3 MHz.<\/strong><\/h3>\n<\/li>\n<\/ul>\n<ul>\n<li>\n<h3><strong>Radio IES Villa Quinteros 97.7 MHz.<\/strong><\/h3>\n<\/li>\n<\/ul>\n<p>La inauguraci\u00f3n oficial de las 4 Radios Socioeducativas de Institutos Superiores de la provincia se llev\u00f3 a cabo el 4 de abril de 2015 en el IES Villa Quinteros, en la comuna que lleva igual nombre del departamento Monteros. Cont\u00f3 con la presencia de\u00a0la Ministra de Educaci\u00f3n Prof.\u00a0<strong>Silvia Rojk\u00e9s de Temkin<\/strong>, junto a la Directora del Instituto de Formaci\u00f3n Docente de la Naci\u00f3n, Lic.\u00a0<strong>Ver\u00f3nica Piovani<\/strong>, la Secretaria de Educaci\u00f3n,\u00a0<strong>Prof. Silvia Ojeda<\/strong>, la Directora de Educaci\u00f3n Superior Prof.\u00a0<strong>Dolores Reynoso de Zelaya<\/strong>\u00a0y las Directoras de los 4 Institutos Superiores.<\/p>\n<p>Actualmente FM IES LA COCHA, contin\u00faa transmitiendo las 24 hs del d\u00eda, entre programaci\u00f3n en vivo, enlatados y automatizaci\u00f3n radial, siendo su Referente\u00a0 Institucional el Profesor Ariel Martinez.<\/p>\n<div id=\"metaslider-id-909\" style=\"max-width: 1100px;\" class=\"ml-slider-3-33-0 metaslider metaslider-flex metaslider-909 ml-slider ms-theme-default\" role=\"region\" aria-roledescription=\"Slideshow\" aria-label=\"Slideshow\">\n    <div id=\"metaslider_container_909\">\n        <div id=\"metaslider_909\" class=\"flexslider\">\n            <ul aria-live=\"polite\" class=\"slides\">\n                <li style=\"display: block; width: 100%;\" class=\"slide-918 ms-image\" aria-roledescription=\"slide\" aria-label=\"slide-918\"><img src=\"https:\/\/iesalc-tuc.infd.edu.ar\/sitio\/wp-content\/uploads\/2021\/05\/images-1-259x96.jpg\" height=\"409\" width=\"1100\" alt=\"\" class=\"slider-909 slide-918\" title=\"images (1)\" \/><\/li>\n                <li style=\"display: none; width: 100%;\" class=\"slide-914 ms-image\" aria-roledescription=\"slide\" aria-label=\"slide-914\"><img src=\"https:\/\/iesalc-tuc.infd.edu.ar\/sitio\/wp-content\/uploads\/2021\/05\/20160729_121509-1100x409.jpg\" height=\"409\" width=\"1100\" alt=\"\" class=\"slider-909 slide-914\" title=\"20160729_121509\" \/><\/li>\n                <li style=\"display: none; width: 100%;\" class=\"slide-916 ms-image\" aria-roledescription=\"slide\" aria-label=\"slide-916\"><img src=\"https:\/\/iesalc-tuc.infd.edu.ar\/sitio\/wp-content\/uploads\/2021\/05\/Mapa-de-Radios-IES-Tucum\u00e1n-720x267.jpg\" height=\"409\" width=\"1100\" alt=\"\" class=\"slider-909 slide-916\" title=\"Mapa-de-Radios-IES-Tucum\u00e1n\" \/><\/li>\n                <li style=\"display: none; width: 100%;\" class=\"slide-917 ms-image\" aria-roledescription=\"slide\" aria-label=\"slide-917\"><img src=\"https:\/\/iesalc-tuc.infd.edu.ar\/sitio\/wp-content\/uploads\/2021\/05\/12115889_1650939521812708_5064117727130079967_n-360x133.jpg\" height=\"409\" width=\"1100\" alt=\"\" class=\"slider-909 slide-917\" title=\"12115889_1650939521812708_5064117727130079967_n\" \/><\/li>\n                <li style=\"display: none; width: 100%;\" class=\"slide-920 ms-image\" aria-roledescription=\"slide\" aria-label=\"slide-920\"><img src=\"https:\/\/iesalc-tuc.infd.edu.ar\/sitio\/wp-content\/uploads\/2021\/05\/11904745_1640706226169371_3317308575781101914_n-660x245.jpg\" height=\"409\" width=\"1100\" alt=\"\" class=\"slider-909 slide-920\" title=\"11904745_1640706226169371_3317308575781101914_n\" \/><\/li>\n                <li style=\"display: none; width: 100%;\" class=\"slide-921 ms-image\" aria-roledescription=\"slide\" aria-label=\"slide-921\"><img src=\"https:\/\/iesalc-tuc.infd.edu.ar\/sitio\/wp-content\/uploads\/2021\/05\/11038565_1663668217184918_5101501493761118344_n-720x267.jpg\" height=\"409\" width=\"1100\" alt=\"\" class=\"slider-909 slide-921\" title=\"11038565_1663668217184918_5101501493761118344_n\" \/><\/li>\n            <\/ul>\n        <\/div>\n        \n    <\/div>\n<\/div>\n","protected":false},"excerpt":{"rendered":"<p>El\u00a0Proyecto Federal de Radios Socioeducativas de los Institutos de Educaci\u00f3n Superior\u00a0tuvo como prop\u00f3sito inicial el emplazamiento de 50 Radios Socioeducativas en todo el pa\u00eds, de las cuales 4 \u00a0fueron planificadas en Tucum\u00e1n, en las localidades de:\u00a0La Cocha,\u00a0Colalao del Valle, Burruyacu y Villa Quinteros.\u00a0Este proyecto tiene como uno de sus objetivos principales generar una verdadera red &#8230; <a title=\"FM IES 89.1\" class=\"read-more\" href=\"https:\/\/iesalc-tuc.infd.edu.ar\/sitio\/fm-ies-89-1\/\" aria-label=\"More on FM IES 89.1\">[+]<\/a><\/p>\n","protected":false},"author":546,"featured_media":0,"parent":0,"menu_order":0,"comment_status":"closed","ping_status":"closed","template":"","meta":[],"acf":[],"_links":{"self":[{"href":"https:\/\/iesalc-tuc.infd.edu.ar\/sitio\/wp-json\/wp\/v2\/pages\/821"}],"collection":[{"href":"https:\/\/iesalc-tuc.infd.edu.ar\/sitio\/wp-json\/wp\/v2\/pages"}],"about":[{"href":"https:\/\/iesalc-tuc.infd.edu.ar\/sitio\/wp-json\/wp\/v2\/types\/page"}],"author":[{"embeddable":true,"href":"https:\/\/iesalc-tuc.infd.edu.ar\/sitio\/wp-json\/wp\/v2\/users\/546"}],"replies":[{"embeddable":true,"href":"https:\/\/iesalc-tuc.infd.edu.ar\/sitio\/wp-json\/wp\/v2\/comments?post=821"}],"version-history":[{"count":6,"href":"https:\/\/iesalc-tuc.infd.edu.ar\/sitio\/wp-json\/wp\/v2\/pages\/821\/revisions"}],"predecessor-version":[{"id":922,"href":"https:\/\/iesalc-tuc.infd.edu.ar\/sitio\/wp-json\/wp\/v2\/pages\/821\/revisions\/922"}],"wp:attachment":[{"href":"https:\/\/iesalc-tuc.infd.edu.ar\/sitio\/wp-json\/wp\/v2\/media?parent=821"}],"curies":[{"name":"wp","href":"https:\/\/api.w.org\/{rel}","templated":true}]}}