{"id":945,"date":"2021-05-23T21:28:31","date_gmt":"2021-05-24T00:28:31","guid":{"rendered":"https:\/\/iesalc-tuc.infd.edu.ar\/sitio\/?page_id=945"},"modified":"2021-05-23T21:28:31","modified_gmt":"2021-05-24T00:28:31","slug":"tecnico-superior-en-gestion-en-produccion-agropecuaria","status":"publish","type":"page","link":"https:\/\/iesalc-tuc.infd.edu.ar\/sitio\/tecnico-superior-en-gestion-en-produccion-agropecuaria\/","title":{"rendered":"T\u00e9cnico Superior en Gesti\u00f3n en Producci\u00f3n Agropecuaria"},"content":{"rendered":"","protected":false},"excerpt":{"rendered":"","protected":false},"author":546,"featured_media":0,"parent":0,"menu_order":0,"comment_status":"closed","ping_status":"closed","template":"","meta":[],"acf":[],"_links":{"self":[{"href":"https:\/\/iesalc-tuc.infd.edu.ar\/sitio\/wp-json\/wp\/v2\/pages\/945"}],"collection":[{"href":"https:\/\/iesalc-tuc.infd.edu.ar\/sitio\/wp-json\/wp\/v2\/pages"}],"about":[{"href":"https:\/\/iesalc-tuc.infd.edu.ar\/sitio\/wp-json\/wp\/v2\/types\/page"}],"author":[{"embeddable":true,"href":"https:\/\/iesalc-tuc.infd.edu.ar\/sitio\/wp-json\/wp\/v2\/users\/546"}],"replies":[{"embeddable":true,"href":"https:\/\/iesalc-tuc.infd.edu.ar\/sitio\/wp-json\/wp\/v2\/comments?post=945"}],"version-history":[{"count":1,"href":"https:\/\/iesalc-tuc.infd.edu.ar\/sitio\/wp-json\/wp\/v2\/pages\/945\/revisions"}],"predecessor-version":[{"id":946,"href":"https:\/\/iesalc-tuc.infd.edu.ar\/sitio\/wp-json\/wp\/v2\/pages\/945\/revisions\/946"}],"wp:attachment":[{"href":"https:\/\/iesalc-tuc.infd.edu.ar\/sitio\/wp-json\/wp\/v2\/media?parent=945"}],"curies":[{"name":"wp","href":"https:\/\/api.w.org\/{rel}","templated":true}]}}